{"id":6810,"date":"2024-06-20T13:21:32","date_gmt":"2024-06-20T11:21:32","guid":{"rendered":"https:\/\/www.eep-robotics.com\/chi-siamo\/codice-etico\/"},"modified":"2024-10-17T13:38:54","modified_gmt":"2024-10-17T11:38:54","slug":"codice-etico","status":"publish","type":"page","link":"https:\/\/www.eep-robotics.com\/it\/chi-siamo\/codice-etico\/","title":{"rendered":"Codice etico"},"content":{"rendered":"\t\t<div data-elementor-type=\"wp-page\" data-elementor-id=\"6810\" class=\"elementor elementor-6810 elementor-2332\">\n\t\t\t\t\t\t<section class=\"elementor-section elementor-top-section elementor-element elementor-element-e37be7d elementor-section-boxed elementor-section-height-default elementor-section-height-default\" data-id=\"e37be7d\" data-element_type=\"section\" data-settings=\"{&quot;background_background&quot;:&quot;classic&quot;}\">\n\t\t\t\t\t\t<div class=\"elementor-container elementor-column-gap-default\">\n\t\t\t\t\t<div class=\"elementor-column elementor-col-100 elementor-top-column elementor-element elementor-element-b0cee1f\" data-id=\"b0cee1f\" data-element_type=\"column\">\n\t\t\t<div class=\"elementor-widget-wrap elementor-element-populated\">\n\t\t\t\t\t\t<div class=\"elementor-element elementor-element-28fb0cf elementor-widget elementor-widget-heading\" data-id=\"28fb0cf\" data-element_type=\"widget\" data-widget_type=\"heading.default\">\n\t\t\t\t<div class=\"elementor-widget-container\">\n\t\t\t<h1 class=\"elementor-heading-title elementor-size-default\">Codice etico<\/h1>\t\t<\/div>\n\t\t\t\t<\/div>\n\t\t\t\t<div class=\"elementor-element elementor-element-9781ba1 elementor-widget elementor-widget-text-editor\" data-id=\"9781ba1\" data-element_type=\"widget\" data-widget_type=\"text-editor.default\">\n\t\t\t\t<div class=\"elementor-widget-container\">\n\t\t\t\t\t\t\t<p>EEP-Robotics GmbH si impegna a rispettare i pi\u00f9 alti standard etici, promuove la trasparenza e l&#8217;integrit\u00e0 in tutti i suoi rapporti commerciali e si impegna ad adottare pratiche commerciali sostenibili e responsabili.<\/p>\n\t\t\t\t\t\t<\/div>\n\t\t\t\t<\/div>\n\t\t\t\t\t<\/div>\n\t\t<\/div>\n\t\t\t\t\t<\/div>\n\t\t<\/section>\n\t\t<div class=\"elementor-element elementor-element-0603901 e-flex e-con-boxed e-con e-parent\" data-id=\"0603901\" data-element_type=\"container\">\n\t\t\t\t\t<div class=\"e-con-inner\">\n\t\t<div class=\"elementor-element elementor-element-7aff5cb e-con-full e-flex e-con e-child\" data-id=\"7aff5cb\" data-element_type=\"container\">\n\t\t\t\t<div class=\"elementor-element elementor-element-8d909fa elementor-widget elementor-widget-heading\" data-id=\"8d909fa\" data-element_type=\"widget\" data-widget_type=\"heading.default\">\n\t\t\t\t<div class=\"elementor-widget-container\">\n\t\t\t<h6 class=\"elementor-heading-title elementor-size-default\">KODEX<\/h6>\t\t<\/div>\n\t\t\t\t<\/div>\n\t\t\t\t<div class=\"elementor-element elementor-element-380ca7b elementor-widget elementor-widget-heading\" data-id=\"380ca7b\" data-element_type=\"widget\" data-widget_type=\"heading.default\">\n\t\t\t\t<div class=\"elementor-widget-container\">\n\t\t\t<h3 class=\"elementor-heading-title elementor-size-default\">Impegno per i pi\u00f9 alti standard, trasparenza e responsabilit\u00e0 sostenibile<\/h3>\t\t<\/div>\n\t\t\t\t<\/div>\n\t\t\t\t<\/div>\n\t\t<div class=\"elementor-element elementor-element-030d03f e-con-full e-flex e-con e-child\" data-id=\"030d03f\" data-element_type=\"container\">\n\t\t\t\t<div class=\"elementor-element elementor-element-af7d79a elementor-vertical-align-middle elementor-widget elementor-widget-icon-box\" data-id=\"af7d79a\" data-element_type=\"widget\" data-widget_type=\"icon-box.default\">\n\t\t\t\t<div class=\"elementor-widget-container\">\n\t\t\t\t\t<div class=\"elementor-icon-box-wrapper\">\n\n\t\t\t\n\t\t\t\t\t\t<div class=\"elementor-icon-box-content\">\n\n\t\t\t\t\n\t\t\t\t\t\t\t\t\t<p class=\"elementor-icon-box-description\">\n\t\t\t\t\t\tCome azienda, ci impegniamo per i diritti umani, la tutela dell'ambiente, la sostenibilit\u00e0, il benessere degli animali, la salute, l'inclusione e il benessere dei nostri dipendenti e partner.\t\t\t\t\t<\/p>\n\t\t\t\t\n\t\t\t<\/div>\n\t\t\t\n\t\t<\/div>\n\t\t\t\t<\/div>\n\t\t\t\t<\/div>\n\t\t\t\t<div class=\"elementor-element elementor-element-4e2f9c2 elementor-vertical-align-middle elementor-widget elementor-widget-icon-box\" data-id=\"4e2f9c2\" data-element_type=\"widget\" data-widget_type=\"icon-box.default\">\n\t\t\t\t<div class=\"elementor-widget-container\">\n\t\t\t\t\t<div class=\"elementor-icon-box-wrapper\">\n\n\t\t\t\n\t\t\t\t\t\t<div class=\"elementor-icon-box-content\">\n\n\t\t\t\t\n\t\t\t\t\t\t\t\t\t<p class=\"elementor-icon-box-description\">\n\t\t\t\t\t\tManteniamo una cultura aziendale caratterizzata da rispetto reciproco, apprezzamento e parit\u00e0 di trattamento.\nQuesto vale sia all'interno della nostra azienda che all'esterno. \t\t\t\t\t<\/p>\n\t\t\t\t\n\t\t\t<\/div>\n\t\t\t\n\t\t<\/div>\n\t\t\t\t<\/div>\n\t\t\t\t<\/div>\n\t\t\t\t<div class=\"elementor-element elementor-element-20099fa elementor-vertical-align-middle elementor-widget elementor-widget-icon-box\" data-id=\"20099fa\" data-element_type=\"widget\" data-widget_type=\"icon-box.default\">\n\t\t\t\t<div class=\"elementor-widget-container\">\n\t\t\t\t\t<div class=\"elementor-icon-box-wrapper\">\n\n\t\t\t\n\t\t\t\t\t\t<div class=\"elementor-icon-box-content\">\n\n\t\t\t\t\n\t\t\t\t\t\t\t\t\t<p class=\"elementor-icon-box-description\">\n\t\t\t\t\t\tSiamo soggetti a rigide norme etiche e di conformit\u00e0 e le nostre azioni devono essere basate sui valori.\t\t\t\t\t<\/p>\n\t\t\t\t\n\t\t\t<\/div>\n\t\t\t\n\t\t<\/div>\n\t\t\t\t<\/div>\n\t\t\t\t<\/div>\n\t\t\t\t<div class=\"elementor-element elementor-element-cb7031d elementor-vertical-align-middle elementor-widget elementor-widget-icon-box\" data-id=\"cb7031d\" data-element_type=\"widget\" data-widget_type=\"icon-box.default\">\n\t\t\t\t<div class=\"elementor-widget-container\">\n\t\t\t\t\t<div class=\"elementor-icon-box-wrapper\">\n\n\t\t\t\n\t\t\t\t\t\t<div class=\"elementor-icon-box-content\">\n\n\t\t\t\t\n\t\t\t\t\t\t\t\t\t<p class=\"elementor-icon-box-description\">\n\t\t\t\t\t\tCi opponiamo alle discriminazioni di genere, razza, religione e orientamento sessuale e alle molestie.\t\t\t\t\t<\/p>\n\t\t\t\t\n\t\t\t<\/div>\n\t\t\t\n\t\t<\/div>\n\t\t\t\t<\/div>\n\t\t\t\t<\/div>\n\t\t\t\t<div class=\"elementor-element elementor-element-cdb2691 elementor-vertical-align-middle elementor-widget elementor-widget-icon-box\" data-id=\"cdb2691\" data-element_type=\"widget\" data-widget_type=\"icon-box.default\">\n\t\t\t\t<div class=\"elementor-widget-container\">\n\t\t\t\t\t<div class=\"elementor-icon-box-wrapper\">\n\n\t\t\t\n\t\t\t\t\t\t<div class=\"elementor-icon-box-content\">\n\n\t\t\t\t\n\t\t\t\t\t\t\t\t\t<p class=\"elementor-icon-box-description\">\n\t\t\t\t\t\tProteggiamo la salute e la sicurezza dei nostri dipendenti e contiamo sul loro rispetto di tutte le norme e le leggi vigenti.\t\t\t\t\t<\/p>\n\t\t\t\t\n\t\t\t<\/div>\n\t\t\t\n\t\t<\/div>\n\t\t\t\t<\/div>\n\t\t\t\t<\/div>\n\t\t\t\t<\/div>\n\t\t<div class=\"elementor-element elementor-element-f5aa650 e-con-full e-flex e-con e-child\" data-id=\"f5aa650\" data-element_type=\"container\">\n\t\t\t\t<div class=\"elementor-element elementor-element-758fdd2 elementor-vertical-align-middle elementor-widget elementor-widget-icon-box\" data-id=\"758fdd2\" data-element_type=\"widget\" data-widget_type=\"icon-box.default\">\n\t\t\t\t<div class=\"elementor-widget-container\">\n\t\t\t\t\t<div class=\"elementor-icon-box-wrapper\">\n\n\t\t\t\n\t\t\t\t\t\t<div class=\"elementor-icon-box-content\">\n\n\t\t\t\t\n\t\t\t\t\t\t\t\t\t<p class=\"elementor-icon-box-description\">\n\t\t\t\t\t\tProteggiamo la propriet\u00e0 intellettuale e le informazioni riservate, garantiamo la protezione e la sicurezza dei dati e comunichiamo in modo responsabile e rispettoso.\t\t\t\t\t<\/p>\n\t\t\t\t\n\t\t\t<\/div>\n\t\t\t\n\t\t<\/div>\n\t\t\t\t<\/div>\n\t\t\t\t<\/div>\n\t\t\t\t<div class=\"elementor-element elementor-element-c072ecb elementor-vertical-align-middle elementor-widget elementor-widget-icon-box\" data-id=\"c072ecb\" data-element_type=\"widget\" data-widget_type=\"icon-box.default\">\n\t\t\t\t<div class=\"elementor-widget-container\">\n\t\t\t\t\t<div class=\"elementor-icon-box-wrapper\">\n\n\t\t\t\n\t\t\t\t\t\t<div class=\"elementor-icon-box-content\">\n\n\t\t\t\t\n\t\t\t\t\t\t\t\t\t<p class=\"elementor-icon-box-description\">\n\t\t\t\t\t\tAgiamo come una squadra e ci aspettiamo che tutti i membri del team condividano e sostengano pienamente i valori delle nostre attivit\u00e0 imprenditoriali al meglio delle loro conoscenze e convinzioni e che siano onesti e retti in tutte le loro azioni.\t\t\t\t\t<\/p>\n\t\t\t\t\n\t\t\t<\/div>\n\t\t\t\n\t\t<\/div>\n\t\t\t\t<\/div>\n\t\t\t\t<\/div>\n\t\t\t\t<div class=\"elementor-element elementor-element-e05472a elementor-vertical-align-middle elementor-widget elementor-widget-icon-box\" data-id=\"e05472a\" data-element_type=\"widget\" data-widget_type=\"icon-box.default\">\n\t\t\t\t<div class=\"elementor-widget-container\">\n\t\t\t\t\t<div class=\"elementor-icon-box-wrapper\">\n\n\t\t\t\n\t\t\t\t\t\t<div class=\"elementor-icon-box-content\">\n\n\t\t\t\t\n\t\t\t\t\t\t\t\t\t<p class=\"elementor-icon-box-description\">\n\t\t\t\t\t\tCi atteniamo rigorosamente a tutte le normative legali e, inoltre, imponiamo un alto grado di precisione, integrit\u00e0 e correttezza nelle nostre transazioni commerciali.\t\t\t\t\t<\/p>\n\t\t\t\t\n\t\t\t<\/div>\n\t\t\t\n\t\t<\/div>\n\t\t\t\t<\/div>\n\t\t\t\t<\/div>\n\t\t\t\t<div class=\"elementor-element elementor-element-b0ebfcc elementor-vertical-align-middle elementor-widget elementor-widget-icon-box\" data-id=\"b0ebfcc\" data-element_type=\"widget\" data-widget_type=\"icon-box.default\">\n\t\t\t\t<div class=\"elementor-widget-container\">\n\t\t\t\t\t<div class=\"elementor-icon-box-wrapper\">\n\n\t\t\t\n\t\t\t\t\t\t<div class=\"elementor-icon-box-content\">\n\n\t\t\t\t\n\t\t\t\t\t\t\t\t\t<p class=\"elementor-icon-box-description\">\n\t\t\t\t\t\tTrattiamo i nostri clienti, concorrenti, fornitori, partner, colleghi e dipendenti in modo apprezzabile, rispettoso e corretto.\t\t\t\t\t<\/p>\n\t\t\t\t\n\t\t\t<\/div>\n\t\t\t\n\t\t<\/div>\n\t\t\t\t<\/div>\n\t\t\t\t<\/div>\n\t\t\t\t<\/div>\n\t\t\t\t\t<\/div>\n\t\t\t\t<\/div>\n\t\t\t\t<\/div>\n\t\t","protected":false},"excerpt":{"rendered":"<p>Codice etico EEP-Robotics GmbH si impegna a rispettare i pi\u00f9 alti standard etici, promuove la trasparenza e l&#8217;integrit\u00e0 in tutti i suoi rapporti commerciali e si impegna ad adottare pratiche commerciali sostenibili e responsabili. KODEX Impegno per i pi\u00f9 alti standard, trasparenza e responsabilit\u00e0 sostenibile Come azienda, ci impegniamo per i diritti umani, la tutela [&hellip;]<\/p>\n","protected":false},"author":1,"featured_media":0,"parent":6739,"menu_order":60,"comment_status":"closed","ping_status":"closed","template":"","meta":{"_acf_changed":false,"site-sidebar-layout":"no-sidebar","site-content-layout":"page-builder","ast-site-content-layout":"full-width-container","site-content-style":"unboxed","site-sidebar-style":"unboxed","ast-global-header-display":"","ast-banner-title-visibility":"","ast-main-header-display":"","ast-hfb-above-header-display":"","ast-hfb-below-header-display":"","ast-hfb-mobile-header-display":"","site-post-title":"disabled","ast-breadcrumbs-content":"","ast-featured-img":"disabled","footer-sml-layout":"","theme-transparent-header-meta":"","adv-header-id-meta":"","stick-header-meta":"","header-above-stick-meta":"","header-main-stick-meta":"","header-below-stick-meta":"","astra-migrate-meta-layouts":"default","ast-page-background-enabled":"default","ast-page-background-meta":{"desktop":{"background-color":"var(--ast-global-color-4)","background-image":"","background-repeat":"repeat","background-position":"center center","background-size":"auto","background-attachment":"scroll","background-type":"","background-media":"","overlay-type":"","overlay-color":"","overlay-opacity":"","overlay-gradient":""},"tablet":{"background-color":"","background-image":"","background-repeat":"repeat","background-position":"center center","background-size":"auto","background-attachment":"scroll","background-type":"","background-media":"","overlay-type":"","overlay-color":"","overlay-opacity":"","overlay-gradient":""},"mobile":{"background-color":"","background-image":"","background-repeat":"repeat","background-position":"center center","background-size":"auto","background-attachment":"scroll","background-type":"","background-media":"","overlay-type":"","overlay-color":"","overlay-opacity":"","overlay-gradient":""}},"ast-content-background-meta":{"desktop":{"background-color":"var(--ast-global-color-5)","background-image":"","background-repeat":"repeat","background-position":"center center","background-size":"auto","background-attachment":"scroll","background-type":"","background-media":"","overlay-type":"","overlay-color":"","overlay-opacity":"","overlay-gradient":""},"tablet":{"background-color":"var(--ast-global-color-5)","background-image":"","background-repeat":"repeat","background-position":"center center","background-size":"auto","background-attachment":"scroll","background-type":"","background-media":"","overlay-type":"","overlay-color":"","overlay-opacity":"","overlay-gradient":""},"mobile":{"background-color":"var(--ast-global-color-5)","background-image":"","background-repeat":"repeat","background-position":"center center","background-size":"auto","background-attachment":"scroll","background-type":"","background-media":"","overlay-type":"","overlay-color":"","overlay-opacity":"","overlay-gradient":""}},"footnotes":""},"class_list":["post-6810","page","type-page","status-publish","hentry"],"acf":[],"yoast_head":"<!-- This site is optimized with the Yoast SEO plugin v23.9 - https:\/\/yoast.com\/wordpress\/plugins\/seo\/ -->\n<title>EEP Robotics Codice Etico e Valori e Responsabilit\u00e0<\/title>\n<meta name=\"description\" content=\"EEP Robotics agisce in conformit\u00e0 a un rigoroso codice etico che pone l&#039;accento su integrit\u00e0, responsabilit\u00e0 e correttezza.\" \/>\n<meta name=\"robots\" content=\"index, follow, max-snippet:-1, max-image-preview:large, max-video-preview:-1\" \/>\n<link rel=\"canonical\" href=\"https:\/\/www.eep-robotics.com\/it\/chi-siamo\/codice-etico\/\" \/>\n<meta property=\"og:locale\" content=\"it_IT\" \/>\n<meta property=\"og:type\" content=\"article\" \/>\n<meta property=\"og:title\" content=\"EEP Robotics Codice Etico e Valori e Responsabilit\u00e0\" \/>\n<meta property=\"og:description\" content=\"EEP Robotics agisce in conformit\u00e0 a un rigoroso codice etico che pone l&#039;accento su integrit\u00e0, responsabilit\u00e0 e correttezza.\" \/>\n<meta property=\"og:url\" content=\"https:\/\/www.eep-robotics.com\/it\/chi-siamo\/codice-etico\/\" \/>\n<meta property=\"og:site_name\" content=\"EEP Robotics - Die Experten der Automatisierung\" \/>\n<meta property=\"article:modified_time\" content=\"2024-10-17T11:38:54+00:00\" \/>\n<meta name=\"twitter:card\" content=\"summary_large_image\" \/>\n<meta name=\"twitter:label1\" content=\"Tempo di lettura stimato\" \/>\n\t<meta name=\"twitter:data1\" content=\"1 minuto\" \/>\n<script type=\"application\/ld+json\" class=\"yoast-schema-graph\">{\"@context\":\"https:\/\/schema.org\",\"@graph\":[{\"@type\":\"WebPage\",\"@id\":\"https:\/\/www.eep-robotics.com\/it\/chi-siamo\/codice-etico\/\",\"url\":\"https:\/\/www.eep-robotics.com\/it\/chi-siamo\/codice-etico\/\",\"name\":\"EEP Robotics Codice Etico e Valori e Responsabilit\u00e0\",\"isPartOf\":{\"@id\":\"https:\/\/www.eep-robotics.com\/it\/#website\"},\"datePublished\":\"2024-06-20T11:21:32+00:00\",\"dateModified\":\"2024-10-17T11:38:54+00:00\",\"description\":\"EEP Robotics agisce in conformit\u00e0 a un rigoroso codice etico che pone l'accento su integrit\u00e0, responsabilit\u00e0 e correttezza.\",\"breadcrumb\":{\"@id\":\"https:\/\/www.eep-robotics.com\/it\/chi-siamo\/codice-etico\/#breadcrumb\"},\"inLanguage\":\"it-IT\",\"potentialAction\":[{\"@type\":\"ReadAction\",\"target\":[\"https:\/\/www.eep-robotics.com\/it\/chi-siamo\/codice-etico\/\"]}]},{\"@type\":\"BreadcrumbList\",\"@id\":\"https:\/\/www.eep-robotics.com\/it\/chi-siamo\/codice-etico\/#breadcrumb\",\"itemListElement\":[{\"@type\":\"ListItem\",\"position\":1,\"name\":\"Startseite\",\"item\":\"https:\/\/www.eep-robotics.com\/it\/\"},{\"@type\":\"ListItem\",\"position\":2,\"name\":\"Chi siamo\",\"item\":\"https:\/\/www.eep-robotics.com\/it\/chi-siamo\/\"},{\"@type\":\"ListItem\",\"position\":3,\"name\":\"Codice etico\"}]},{\"@type\":\"WebSite\",\"@id\":\"https:\/\/www.eep-robotics.com\/it\/#website\",\"url\":\"https:\/\/www.eep-robotics.com\/it\/\",\"name\":\"EEP Robotics - Die Experten der Automatisierung\",\"description\":\"\",\"publisher\":{\"@id\":\"https:\/\/www.eep-robotics.com\/it\/#organization\"},\"potentialAction\":[{\"@type\":\"SearchAction\",\"target\":{\"@type\":\"EntryPoint\",\"urlTemplate\":\"https:\/\/www.eep-robotics.com\/it\/?s={search_term_string}\"},\"query-input\":{\"@type\":\"PropertyValueSpecification\",\"valueRequired\":true,\"valueName\":\"search_term_string\"}}],\"inLanguage\":\"it-IT\"},{\"@type\":\"Organization\",\"@id\":\"https:\/\/www.eep-robotics.com\/it\/#organization\",\"name\":\"EEP Robotics - Die Experten der Automatisierung\",\"url\":\"https:\/\/www.eep-robotics.com\/it\/\",\"logo\":{\"@type\":\"ImageObject\",\"inLanguage\":\"it-IT\",\"@id\":\"https:\/\/www.eep-robotics.com\/it\/#\/schema\/logo\/image\/\",\"url\":\"https:\/\/www.eep-robotics.com\/wp-content\/uploads\/2024\/07\/EEP_Logo_schraeg_RGB_new.png\",\"contentUrl\":\"https:\/\/www.eep-robotics.com\/wp-content\/uploads\/2024\/07\/EEP_Logo_schraeg_RGB_new.png\",\"width\":900,\"height\":292,\"caption\":\"EEP Robotics - Die Experten der Automatisierung\"},\"image\":{\"@id\":\"https:\/\/www.eep-robotics.com\/it\/#\/schema\/logo\/image\/\"}}]}<\/script>\n<!-- \/ Yoast SEO plugin. -->","yoast_head_json":{"title":"EEP Robotics Codice Etico e Valori e Responsabilit\u00e0","description":"EEP Robotics agisce in conformit\u00e0 a un rigoroso codice etico che pone l'accento su integrit\u00e0, responsabilit\u00e0 e correttezza.","robots":{"index":"index","follow":"follow","max-snippet":"max-snippet:-1","max-image-preview":"max-image-preview:large","max-video-preview":"max-video-preview:-1"},"canonical":"https:\/\/www.eep-robotics.com\/it\/chi-siamo\/codice-etico\/","og_locale":"it_IT","og_type":"article","og_title":"EEP Robotics Codice Etico e Valori e Responsabilit\u00e0","og_description":"EEP Robotics agisce in conformit\u00e0 a un rigoroso codice etico che pone l'accento su integrit\u00e0, responsabilit\u00e0 e correttezza.","og_url":"https:\/\/www.eep-robotics.com\/it\/chi-siamo\/codice-etico\/","og_site_name":"EEP Robotics - Die Experten der Automatisierung","article_modified_time":"2024-10-17T11:38:54+00:00","twitter_card":"summary_large_image","twitter_misc":{"Tempo di lettura stimato":"1 minuto"},"schema":{"@context":"https:\/\/schema.org","@graph":[{"@type":"WebPage","@id":"https:\/\/www.eep-robotics.com\/it\/chi-siamo\/codice-etico\/","url":"https:\/\/www.eep-robotics.com\/it\/chi-siamo\/codice-etico\/","name":"EEP Robotics Codice Etico e Valori e Responsabilit\u00e0","isPartOf":{"@id":"https:\/\/www.eep-robotics.com\/it\/#website"},"datePublished":"2024-06-20T11:21:32+00:00","dateModified":"2024-10-17T11:38:54+00:00","description":"EEP Robotics agisce in conformit\u00e0 a un rigoroso codice etico che pone l'accento su integrit\u00e0, responsabilit\u00e0 e correttezza.","breadcrumb":{"@id":"https:\/\/www.eep-robotics.com\/it\/chi-siamo\/codice-etico\/#breadcrumb"},"inLanguage":"it-IT","potentialAction":[{"@type":"ReadAction","target":["https:\/\/www.eep-robotics.com\/it\/chi-siamo\/codice-etico\/"]}]},{"@type":"BreadcrumbList","@id":"https:\/\/www.eep-robotics.com\/it\/chi-siamo\/codice-etico\/#breadcrumb","itemListElement":[{"@type":"ListItem","position":1,"name":"Startseite","item":"https:\/\/www.eep-robotics.com\/it\/"},{"@type":"ListItem","position":2,"name":"Chi siamo","item":"https:\/\/www.eep-robotics.com\/it\/chi-siamo\/"},{"@type":"ListItem","position":3,"name":"Codice etico"}]},{"@type":"WebSite","@id":"https:\/\/www.eep-robotics.com\/it\/#website","url":"https:\/\/www.eep-robotics.com\/it\/","name":"EEP Robotics - Die Experten der Automatisierung","description":"","publisher":{"@id":"https:\/\/www.eep-robotics.com\/it\/#organization"},"potentialAction":[{"@type":"SearchAction","target":{"@type":"EntryPoint","urlTemplate":"https:\/\/www.eep-robotics.com\/it\/?s={search_term_string}"},"query-input":{"@type":"PropertyValueSpecification","valueRequired":true,"valueName":"search_term_string"}}],"inLanguage":"it-IT"},{"@type":"Organization","@id":"https:\/\/www.eep-robotics.com\/it\/#organization","name":"EEP Robotics - Die Experten der Automatisierung","url":"https:\/\/www.eep-robotics.com\/it\/","logo":{"@type":"ImageObject","inLanguage":"it-IT","@id":"https:\/\/www.eep-robotics.com\/it\/#\/schema\/logo\/image\/","url":"https:\/\/www.eep-robotics.com\/wp-content\/uploads\/2024\/07\/EEP_Logo_schraeg_RGB_new.png","contentUrl":"https:\/\/www.eep-robotics.com\/wp-content\/uploads\/2024\/07\/EEP_Logo_schraeg_RGB_new.png","width":900,"height":292,"caption":"EEP Robotics - Die Experten der Automatisierung"},"image":{"@id":"https:\/\/www.eep-robotics.com\/it\/#\/schema\/logo\/image\/"}}]}},"_links":{"self":[{"href":"https:\/\/www.eep-robotics.com\/it\/wp-json\/wp\/v2\/pages\/6810","targetHints":{"allow":["GET"]}}],"collection":[{"href":"https:\/\/www.eep-robotics.com\/it\/wp-json\/wp\/v2\/pages"}],"about":[{"href":"https:\/\/www.eep-robotics.com\/it\/wp-json\/wp\/v2\/types\/page"}],"author":[{"embeddable":true,"href":"https:\/\/www.eep-robotics.com\/it\/wp-json\/wp\/v2\/users\/1"}],"replies":[{"embeddable":true,"href":"https:\/\/www.eep-robotics.com\/it\/wp-json\/wp\/v2\/comments?post=6810"}],"version-history":[{"count":2,"href":"https:\/\/www.eep-robotics.com\/it\/wp-json\/wp\/v2\/pages\/6810\/revisions"}],"predecessor-version":[{"id":7682,"href":"https:\/\/www.eep-robotics.com\/it\/wp-json\/wp\/v2\/pages\/6810\/revisions\/7682"}],"up":[{"embeddable":true,"href":"https:\/\/www.eep-robotics.com\/it\/wp-json\/wp\/v2\/pages\/6739"}],"wp:attachment":[{"href":"https:\/\/www.eep-robotics.com\/it\/wp-json\/wp\/v2\/media?parent=6810"}],"curies":[{"name":"wp","href":"https:\/\/api.w.org\/{rel}","templated":true}]}}